{"id":9332,"date":"2025-02-10T21:19:47","date_gmt":"2025-02-10T21:19:47","guid":{"rendered":"https:\/\/nirellegroup.com\/?post_type=product&#038;p=9332"},"modified":"2025-02-11T21:06:44","modified_gmt":"2025-02-11T21:06:44","slug":"ndl64-2-5-led-downlight","status":"publish","type":"product","link":"https:\/\/nirellegroup.com\/en\/product\/ndl64-2-5-led-downlight\/","title":{"rendered":"NDL64 2.5 LED Downlight"},"content":{"rendered":"<p>The DL64 downlight achieves a high efficiency of 100 LPW with a prismatic lens for excellent light transmission. The intelligent cooling system is specially designed in a metal housing with vertical fins that allow airflow.<\/p>","protected":false},"excerpt":{"rendered":"<p>The DL64 downlight achieves a high efficiency of 100 LPW with a prismatic lens for excellent light transmission. The intelligent cooling system is specially designed in a metal housing with vertical fins that allow airflow.<\/p>","protected":false},"featured_media":9224,"template":"","meta":{"_monsterinsights_skip_tracking":false,"_monsterinsights_sitenote_active":false,"_monsterinsights_sitenote_note":"","_monsterinsights_sitenote_category":0},"product_brand":[],"product_cat":[46,45],"product_tag":[],"class_list":{"0":"post-9332","1":"product","2":"type-product","3":"status-publish","4":"has-post-thumbnail","6":"product_cat-downlight","7":"product_cat-led","9":"first","10":"instock","11":"shipping-taxable","12":"product-type-simple"},"aioseo_notices":[],"yoast_head":"<!-- This site is optimized with the Yoast SEO plugin v24.3 - https:\/\/yoast.com\/wordpress\/plugins\/seo\/ -->\n<title>NDL64 2.5 LED Downlight - Nirelle Group<\/title>\n<meta name=\"robots\" content=\"index, follow, max-snippet:-1, max-image-preview:large, max-video-preview:-1\" \/>\n<link rel=\"canonical\" href=\"https:\/\/nirellegroup.com\/en\/product\/ndl64-2-5-led-downlight\/\" \/>\n<meta property=\"og:locale\" content=\"en_US\" \/>\n<meta property=\"og:type\" content=\"article\" \/>\n<meta property=\"og:title\" content=\"NDL64 2.5 LED Downlight - Nirelle Group\" \/>\n<meta property=\"og:description\" content=\"El downlight DL64 logra una alta eficiencia de 100 LPW con una lente prism\u00e1tica de excelente transmisi\u00f3n de luz. El sistema de enfriamiento inteligente est\u00e1 especialmente dise\u00f1ado en un dispositivo met\u00e1lico con aletas verticales que permiten que el aire fluya .\" \/>\n<meta property=\"og:url\" content=\"https:\/\/nirellegroup.com\/en\/product\/ndl64-2-5-led-downlight\/\" \/>\n<meta property=\"og:site_name\" content=\"Nirelle Group\" \/>\n<meta property=\"article:modified_time\" content=\"2025-02-11T21:06:44+00:00\" \/>\n<meta property=\"og:image\" content=\"https:\/\/nirellegroup.com\/wp-content\/uploads\/2025\/02\/NDL64-2.5.jpg\" \/>\n\t<meta property=\"og:image:width\" content=\"905\" \/>\n\t<meta property=\"og:image:height\" content=\"617\" \/>\n\t<meta property=\"og:image:type\" content=\"image\/jpeg\" \/>\n<meta name=\"twitter:card\" content=\"summary_large_image\" \/>\n<meta name=\"twitter:label1\" content=\"Est. reading time\" \/>\n\t<meta name=\"twitter:data1\" content=\"1 minute\" \/>\n<script type=\"application\/ld+json\" class=\"yoast-schema-graph\">{\"@context\":\"https:\/\/schema.org\",\"@graph\":[{\"@type\":\"WebPage\",\"@id\":\"https:\/\/nirellegroup.com\/product\/ndl64-2-5-led-downlight\/\",\"url\":\"https:\/\/nirellegroup.com\/product\/ndl64-2-5-led-downlight\/\",\"name\":\"NDL64 2.5 LED Downlight - Nirelle Group\",\"isPartOf\":{\"@id\":\"https:\/\/nirellegroup.com\/#website\"},\"primaryImageOfPage\":{\"@id\":\"https:\/\/nirellegroup.com\/product\/ndl64-2-5-led-downlight\/#primaryimage\"},\"image\":{\"@id\":\"https:\/\/nirellegroup.com\/product\/ndl64-2-5-led-downlight\/#primaryimage\"},\"thumbnailUrl\":\"https:\/\/nirellegroup.com\/wp-content\/uploads\/2025\/02\/NDL64-2.5.jpg\",\"datePublished\":\"2025-02-10T21:19:47+00:00\",\"dateModified\":\"2025-02-11T21:06:44+00:00\",\"breadcrumb\":{\"@id\":\"https:\/\/nirellegroup.com\/product\/ndl64-2-5-led-downlight\/#breadcrumb\"},\"inLanguage\":\"en-US\",\"potentialAction\":[{\"@type\":\"ReadAction\",\"target\":[\"https:\/\/nirellegroup.com\/product\/ndl64-2-5-led-downlight\/\"]}]},{\"@type\":\"ImageObject\",\"inLanguage\":\"en-US\",\"@id\":\"https:\/\/nirellegroup.com\/product\/ndl64-2-5-led-downlight\/#primaryimage\",\"url\":\"https:\/\/nirellegroup.com\/wp-content\/uploads\/2025\/02\/NDL64-2.5.jpg\",\"contentUrl\":\"https:\/\/nirellegroup.com\/wp-content\/uploads\/2025\/02\/NDL64-2.5.jpg\",\"width\":905,\"height\":617},{\"@type\":\"BreadcrumbList\",\"@id\":\"https:\/\/nirellegroup.com\/product\/ndl64-2-5-led-downlight\/#breadcrumb\",\"itemListElement\":[{\"@type\":\"ListItem\",\"position\":1,\"name\":\"Home\",\"item\":\"https:\/\/nirellegroup.com\/\"},{\"@type\":\"ListItem\",\"position\":2,\"name\":\"Shop\",\"item\":\"https:\/\/nirellegroup.com\/shop\/\"},{\"@type\":\"ListItem\",\"position\":3,\"name\":\"NDL64 2.5 LED Downlight\"}]},{\"@type\":\"WebSite\",\"@id\":\"https:\/\/nirellegroup.com\/#website\",\"url\":\"https:\/\/nirellegroup.com\/\",\"name\":\"Nirelle Group\",\"description\":\"Iluminamos tus espacios con la m\u00e1s alta tecnolog\u00eda.\",\"potentialAction\":[{\"@type\":\"SearchAction\",\"target\":{\"@type\":\"EntryPoint\",\"urlTemplate\":\"https:\/\/nirellegroup.com\/?s={search_term_string}\"},\"query-input\":{\"@type\":\"PropertyValueSpecification\",\"valueRequired\":true,\"valueName\":\"search_term_string\"}}],\"inLanguage\":\"en-US\"}]}<\/script>\n<!-- \/ Yoast SEO plugin. -->","yoast_head_json":{"title":"NDL64 2.5 LED Downlight - Nirelle Group","robots":{"index":"index","follow":"follow","max-snippet":"max-snippet:-1","max-image-preview":"max-image-preview:large","max-video-preview":"max-video-preview:-1"},"canonical":"https:\/\/nirellegroup.com\/en\/product\/ndl64-2-5-led-downlight\/","og_locale":"en_US","og_type":"article","og_title":"NDL64 2.5 LED Downlight - Nirelle Group","og_description":"El downlight DL64 logra una alta eficiencia de 100 LPW con una lente prism\u00e1tica de excelente transmisi\u00f3n de luz. El sistema de enfriamiento inteligente est\u00e1 especialmente dise\u00f1ado en un dispositivo met\u00e1lico con aletas verticales que permiten que el aire fluya .","og_url":"https:\/\/nirellegroup.com\/en\/product\/ndl64-2-5-led-downlight\/","og_site_name":"Nirelle Group","article_modified_time":"2025-02-11T21:06:44+00:00","og_image":[{"width":905,"height":617,"url":"https:\/\/nirellegroup.com\/wp-content\/uploads\/2025\/02\/NDL64-2.5.jpg","type":"image\/jpeg"}],"twitter_card":"summary_large_image","twitter_misc":{"Est. reading time":"1 minute"},"schema":{"@context":"https:\/\/schema.org","@graph":[{"@type":"WebPage","@id":"https:\/\/nirellegroup.com\/product\/ndl64-2-5-led-downlight\/","url":"https:\/\/nirellegroup.com\/product\/ndl64-2-5-led-downlight\/","name":"NDL64 2.5 LED Downlight - Nirelle Group","isPartOf":{"@id":"https:\/\/nirellegroup.com\/#website"},"primaryImageOfPage":{"@id":"https:\/\/nirellegroup.com\/product\/ndl64-2-5-led-downlight\/#primaryimage"},"image":{"@id":"https:\/\/nirellegroup.com\/product\/ndl64-2-5-led-downlight\/#primaryimage"},"thumbnailUrl":"https:\/\/nirellegroup.com\/wp-content\/uploads\/2025\/02\/NDL64-2.5.jpg","datePublished":"2025-02-10T21:19:47+00:00","dateModified":"2025-02-11T21:06:44+00:00","breadcrumb":{"@id":"https:\/\/nirellegroup.com\/product\/ndl64-2-5-led-downlight\/#breadcrumb"},"inLanguage":"en-US","potentialAction":[{"@type":"ReadAction","target":["https:\/\/nirellegroup.com\/product\/ndl64-2-5-led-downlight\/"]}]},{"@type":"ImageObject","inLanguage":"en-US","@id":"https:\/\/nirellegroup.com\/product\/ndl64-2-5-led-downlight\/#primaryimage","url":"https:\/\/nirellegroup.com\/wp-content\/uploads\/2025\/02\/NDL64-2.5.jpg","contentUrl":"https:\/\/nirellegroup.com\/wp-content\/uploads\/2025\/02\/NDL64-2.5.jpg","width":905,"height":617},{"@type":"BreadcrumbList","@id":"https:\/\/nirellegroup.com\/product\/ndl64-2-5-led-downlight\/#breadcrumb","itemListElement":[{"@type":"ListItem","position":1,"name":"Home","item":"https:\/\/nirellegroup.com\/"},{"@type":"ListItem","position":2,"name":"Shop","item":"https:\/\/nirellegroup.com\/shop\/"},{"@type":"ListItem","position":3,"name":"NDL64 2.5 LED Downlight"}]},{"@type":"WebSite","@id":"https:\/\/nirellegroup.com\/#website","url":"https:\/\/nirellegroup.com\/","name":"Nirelle Group","description":"Iluminamos tus espacios con la m\u00e1s alta tecnolog\u00eda.","potentialAction":[{"@type":"SearchAction","target":{"@type":"EntryPoint","urlTemplate":"https:\/\/nirellegroup.com\/?s={search_term_string}"},"query-input":{"@type":"PropertyValueSpecification","valueRequired":true,"valueName":"search_term_string"}}],"inLanguage":"en-US"}]}},"jetpack_sharing_enabled":true,"_links":{"self":[{"href":"https:\/\/nirellegroup.com\/en\/wp-json\/wp\/v2\/product\/9332","targetHints":{"allow":["GET"]}}],"collection":[{"href":"https:\/\/nirellegroup.com\/en\/wp-json\/wp\/v2\/product"}],"about":[{"href":"https:\/\/nirellegroup.com\/en\/wp-json\/wp\/v2\/types\/product"}],"wp:featuredmedia":[{"embeddable":true,"href":"https:\/\/nirellegroup.com\/en\/wp-json\/wp\/v2\/media\/9224"}],"wp:attachment":[{"href":"https:\/\/nirellegroup.com\/en\/wp-json\/wp\/v2\/media?parent=9332"}],"wp:term":[{"taxonomy":"product_brand","embeddable":true,"href":"https:\/\/nirellegroup.com\/en\/wp-json\/wp\/v2\/product_brand?post=9332"},{"taxonomy":"product_cat","embeddable":true,"href":"https:\/\/nirellegroup.com\/en\/wp-json\/wp\/v2\/product_cat?post=9332"},{"taxonomy":"product_tag","embeddable":true,"href":"https:\/\/nirellegroup.com\/en\/wp-json\/wp\/v2\/product_tag?post=9332"}],"curies":[{"name":"wp","href":"https:\/\/api.w.org\/{rel}","templated":true}]}}