{"id":9349,"date":"2025-02-10T21:54:09","date_gmt":"2025-02-10T21:54:09","guid":{"rendered":"https:\/\/nirellegroup.com\/?post_type=product&#038;p=9349"},"modified":"2025-02-11T19:47:12","modified_gmt":"2025-02-11T19:47:12","slug":"nwl120-series-wall-lamp","status":"publish","type":"product","link":"https:\/\/nirellegroup.com\/en\/product\/nwl120-series-wall-lamp\/","title":{"rendered":"NWL120 Series Wall Lamp"},"content":{"rendered":"<p>It can be used indoors and outdoors, with customizable color temperature, unique and soft fan-shaped light emission, creating a spatial atmosphere that makes the environment more comfortable.<\/p>","protected":false},"excerpt":{"rendered":"<p>It can be used indoors and outdoors, with customizable color temperature, unique and soft fan-shaped light emission, creating a spatial atmosphere that makes the environment more comfortable.<\/p>","protected":false},"featured_media":9251,"template":"","meta":{"_monsterinsights_skip_tracking":false,"_monsterinsights_sitenote_active":false,"_monsterinsights_sitenote_note":"","_monsterinsights_sitenote_category":0},"product_brand":[],"product_cat":[52,50],"product_tag":[],"class_list":{"0":"post-9349","1":"product","2":"type-product","3":"status-publish","4":"has-post-thumbnail","6":"product_cat-home-office-landscaping","7":"product_cat-wall-lamp","9":"first","10":"instock","11":"shipping-taxable","12":"product-type-simple"},"aioseo_notices":[],"yoast_head":"<!-- This site is optimized with the Yoast SEO plugin v24.3 - https:\/\/yoast.com\/wordpress\/plugins\/seo\/ -->\n<title>NWL120 Series Wall Lamp - Nirelle Group<\/title>\n<meta name=\"robots\" content=\"index, follow, max-snippet:-1, max-image-preview:large, max-video-preview:-1\" \/>\n<link rel=\"canonical\" href=\"https:\/\/nirellegroup.com\/en\/product\/nwl120-series-wall-lamp\/\" \/>\n<meta property=\"og:locale\" content=\"en_US\" \/>\n<meta property=\"og:type\" content=\"article\" \/>\n<meta property=\"og:title\" content=\"NWL120 Series Wall Lamp - Nirelle Group\" \/>\n<meta property=\"og:description\" content=\"Se puede utilizar en interiores y exteriores, con temperatura del color personalizable, emisi\u00f3n de luz en forma de abanico, \u00fanica y suave creando una atm\u00f3sfera espacial que hace que el ambiente sea m\u00e1s c\u00f3modo.\" \/>\n<meta property=\"og:url\" content=\"https:\/\/nirellegroup.com\/en\/product\/nwl120-series-wall-lamp\/\" \/>\n<meta property=\"og:site_name\" content=\"Nirelle Group\" \/>\n<meta property=\"article:modified_time\" content=\"2025-02-11T19:47:12+00:00\" \/>\n<meta property=\"og:image\" content=\"https:\/\/nirellegroup.com\/wp-content\/uploads\/2025\/02\/NWL120-Series.jpg\" \/>\n\t<meta property=\"og:image:width\" content=\"905\" \/>\n\t<meta property=\"og:image:height\" content=\"617\" \/>\n\t<meta property=\"og:image:type\" content=\"image\/jpeg\" \/>\n<meta name=\"twitter:card\" content=\"summary_large_image\" \/>\n<meta name=\"twitter:label1\" content=\"Est. reading time\" \/>\n\t<meta name=\"twitter:data1\" content=\"1 minute\" \/>\n<script type=\"application\/ld+json\" class=\"yoast-schema-graph\">{\"@context\":\"https:\/\/schema.org\",\"@graph\":[{\"@type\":\"WebPage\",\"@id\":\"https:\/\/nirellegroup.com\/product\/nwl120-series-wall-lamp\/\",\"url\":\"https:\/\/nirellegroup.com\/product\/nwl120-series-wall-lamp\/\",\"name\":\"NWL120 Series Wall Lamp - Nirelle Group\",\"isPartOf\":{\"@id\":\"https:\/\/nirellegroup.com\/#website\"},\"primaryImageOfPage\":{\"@id\":\"https:\/\/nirellegroup.com\/product\/nwl120-series-wall-lamp\/#primaryimage\"},\"image\":{\"@id\":\"https:\/\/nirellegroup.com\/product\/nwl120-series-wall-lamp\/#primaryimage\"},\"thumbnailUrl\":\"https:\/\/nirellegroup.com\/wp-content\/uploads\/2025\/02\/NWL120-Series.jpg\",\"datePublished\":\"2025-02-10T21:54:09+00:00\",\"dateModified\":\"2025-02-11T19:47:12+00:00\",\"breadcrumb\":{\"@id\":\"https:\/\/nirellegroup.com\/product\/nwl120-series-wall-lamp\/#breadcrumb\"},\"inLanguage\":\"en-US\",\"potentialAction\":[{\"@type\":\"ReadAction\",\"target\":[\"https:\/\/nirellegroup.com\/product\/nwl120-series-wall-lamp\/\"]}]},{\"@type\":\"ImageObject\",\"inLanguage\":\"en-US\",\"@id\":\"https:\/\/nirellegroup.com\/product\/nwl120-series-wall-lamp\/#primaryimage\",\"url\":\"https:\/\/nirellegroup.com\/wp-content\/uploads\/2025\/02\/NWL120-Series.jpg\",\"contentUrl\":\"https:\/\/nirellegroup.com\/wp-content\/uploads\/2025\/02\/NWL120-Series.jpg\",\"width\":905,\"height\":617},{\"@type\":\"BreadcrumbList\",\"@id\":\"https:\/\/nirellegroup.com\/product\/nwl120-series-wall-lamp\/#breadcrumb\",\"itemListElement\":[{\"@type\":\"ListItem\",\"position\":1,\"name\":\"Home\",\"item\":\"https:\/\/nirellegroup.com\/\"},{\"@type\":\"ListItem\",\"position\":2,\"name\":\"Shop\",\"item\":\"https:\/\/nirellegroup.com\/shop\/\"},{\"@type\":\"ListItem\",\"position\":3,\"name\":\"NWL120 Series Wall Lamp\"}]},{\"@type\":\"WebSite\",\"@id\":\"https:\/\/nirellegroup.com\/#website\",\"url\":\"https:\/\/nirellegroup.com\/\",\"name\":\"Nirelle Group\",\"description\":\"Iluminamos tus espacios con la m\u00e1s alta tecnolog\u00eda.\",\"potentialAction\":[{\"@type\":\"SearchAction\",\"target\":{\"@type\":\"EntryPoint\",\"urlTemplate\":\"https:\/\/nirellegroup.com\/?s={search_term_string}\"},\"query-input\":{\"@type\":\"PropertyValueSpecification\",\"valueRequired\":true,\"valueName\":\"search_term_string\"}}],\"inLanguage\":\"en-US\"}]}<\/script>\n<!-- \/ Yoast SEO plugin. -->","yoast_head_json":{"title":"NWL120 Series Wall Lamp - Nirelle Group","robots":{"index":"index","follow":"follow","max-snippet":"max-snippet:-1","max-image-preview":"max-image-preview:large","max-video-preview":"max-video-preview:-1"},"canonical":"https:\/\/nirellegroup.com\/en\/product\/nwl120-series-wall-lamp\/","og_locale":"en_US","og_type":"article","og_title":"NWL120 Series Wall Lamp - Nirelle Group","og_description":"Se puede utilizar en interiores y exteriores, con temperatura del color personalizable, emisi\u00f3n de luz en forma de abanico, \u00fanica y suave creando una atm\u00f3sfera espacial que hace que el ambiente sea m\u00e1s c\u00f3modo.","og_url":"https:\/\/nirellegroup.com\/en\/product\/nwl120-series-wall-lamp\/","og_site_name":"Nirelle Group","article_modified_time":"2025-02-11T19:47:12+00:00","og_image":[{"width":905,"height":617,"url":"https:\/\/nirellegroup.com\/wp-content\/uploads\/2025\/02\/NWL120-Series.jpg","type":"image\/jpeg"}],"twitter_card":"summary_large_image","twitter_misc":{"Est. reading time":"1 minute"},"schema":{"@context":"https:\/\/schema.org","@graph":[{"@type":"WebPage","@id":"https:\/\/nirellegroup.com\/product\/nwl120-series-wall-lamp\/","url":"https:\/\/nirellegroup.com\/product\/nwl120-series-wall-lamp\/","name":"NWL120 Series Wall Lamp - Nirelle Group","isPartOf":{"@id":"https:\/\/nirellegroup.com\/#website"},"primaryImageOfPage":{"@id":"https:\/\/nirellegroup.com\/product\/nwl120-series-wall-lamp\/#primaryimage"},"image":{"@id":"https:\/\/nirellegroup.com\/product\/nwl120-series-wall-lamp\/#primaryimage"},"thumbnailUrl":"https:\/\/nirellegroup.com\/wp-content\/uploads\/2025\/02\/NWL120-Series.jpg","datePublished":"2025-02-10T21:54:09+00:00","dateModified":"2025-02-11T19:47:12+00:00","breadcrumb":{"@id":"https:\/\/nirellegroup.com\/product\/nwl120-series-wall-lamp\/#breadcrumb"},"inLanguage":"en-US","potentialAction":[{"@type":"ReadAction","target":["https:\/\/nirellegroup.com\/product\/nwl120-series-wall-lamp\/"]}]},{"@type":"ImageObject","inLanguage":"en-US","@id":"https:\/\/nirellegroup.com\/product\/nwl120-series-wall-lamp\/#primaryimage","url":"https:\/\/nirellegroup.com\/wp-content\/uploads\/2025\/02\/NWL120-Series.jpg","contentUrl":"https:\/\/nirellegroup.com\/wp-content\/uploads\/2025\/02\/NWL120-Series.jpg","width":905,"height":617},{"@type":"BreadcrumbList","@id":"https:\/\/nirellegroup.com\/product\/nwl120-series-wall-lamp\/#breadcrumb","itemListElement":[{"@type":"ListItem","position":1,"name":"Home","item":"https:\/\/nirellegroup.com\/"},{"@type":"ListItem","position":2,"name":"Shop","item":"https:\/\/nirellegroup.com\/shop\/"},{"@type":"ListItem","position":3,"name":"NWL120 Series Wall Lamp"}]},{"@type":"WebSite","@id":"https:\/\/nirellegroup.com\/#website","url":"https:\/\/nirellegroup.com\/","name":"Nirelle Group","description":"Iluminamos tus espacios con la m\u00e1s alta tecnolog\u00eda.","potentialAction":[{"@type":"SearchAction","target":{"@type":"EntryPoint","urlTemplate":"https:\/\/nirellegroup.com\/?s={search_term_string}"},"query-input":{"@type":"PropertyValueSpecification","valueRequired":true,"valueName":"search_term_string"}}],"inLanguage":"en-US"}]}},"jetpack_sharing_enabled":true,"_links":{"self":[{"href":"https:\/\/nirellegroup.com\/en\/wp-json\/wp\/v2\/product\/9349","targetHints":{"allow":["GET"]}}],"collection":[{"href":"https:\/\/nirellegroup.com\/en\/wp-json\/wp\/v2\/product"}],"about":[{"href":"https:\/\/nirellegroup.com\/en\/wp-json\/wp\/v2\/types\/product"}],"wp:featuredmedia":[{"embeddable":true,"href":"https:\/\/nirellegroup.com\/en\/wp-json\/wp\/v2\/media\/9251"}],"wp:attachment":[{"href":"https:\/\/nirellegroup.com\/en\/wp-json\/wp\/v2\/media?parent=9349"}],"wp:term":[{"taxonomy":"product_brand","embeddable":true,"href":"https:\/\/nirellegroup.com\/en\/wp-json\/wp\/v2\/product_brand?post=9349"},{"taxonomy":"product_cat","embeddable":true,"href":"https:\/\/nirellegroup.com\/en\/wp-json\/wp\/v2\/product_cat?post=9349"},{"taxonomy":"product_tag","embeddable":true,"href":"https:\/\/nirellegroup.com\/en\/wp-json\/wp\/v2\/product_tag?post=9349"}],"curies":[{"name":"wp","href":"https:\/\/api.w.org\/{rel}","templated":true}]}}