{"id":9351,"date":"2025-02-10T21:55:14","date_gmt":"2025-02-10T21:55:14","guid":{"rendered":"https:\/\/nirellegroup.com\/?post_type=product&#038;p=9351"},"modified":"2025-02-11T19:39:06","modified_gmt":"2025-02-11T19:39:06","slug":"nke55l2-downlight","status":"publish","type":"product","link":"https:\/\/nirellegroup.com\/en\/product\/nke55l2-downlight\/","title":{"rendered":"NKE55L2 Downlight"},"content":{"rendered":"<p>Provides control over your lighting. Thanks to its adjustable output, you can create ambiances for relaxation or work. Its elegant design and easy installation make it the ideal choice for any space.<\/p>","protected":false},"excerpt":{"rendered":"<p>Provides control over your lighting. Thanks to its adjustable output, you can create ambiances for relaxation or work. Its elegant design and easy installation make it the ideal choice for any space.<\/p>","protected":false},"featured_media":9253,"template":"","meta":{"_monsterinsights_skip_tracking":false,"_monsterinsights_sitenote_active":false,"_monsterinsights_sitenote_note":"","_monsterinsights_sitenote_category":0},"product_brand":[],"product_cat":[46,52],"product_tag":[],"class_list":{"0":"post-9351","1":"product","2":"type-product","3":"status-publish","4":"has-post-thumbnail","6":"product_cat-downlight","7":"product_cat-home-office-landscaping","9":"first","10":"instock","11":"shipping-taxable","12":"product-type-simple"},"aioseo_notices":[],"yoast_head":"<!-- This site is optimized with the Yoast SEO plugin v24.3 - https:\/\/yoast.com\/wordpress\/plugins\/seo\/ -->\n<title>NKE55L2 Downlight - Nirelle Group<\/title>\n<meta name=\"robots\" content=\"index, follow, max-snippet:-1, max-image-preview:large, max-video-preview:-1\" \/>\n<link rel=\"canonical\" href=\"https:\/\/nirellegroup.com\/en\/product\/nke55l2-downlight\/\" \/>\n<meta property=\"og:locale\" content=\"en_US\" \/>\n<meta property=\"og:type\" content=\"article\" \/>\n<meta property=\"og:title\" content=\"NKE55L2 Downlight - Nirelle Group\" \/>\n<meta property=\"og:description\" content=\"Brinda control sobre la iluminaci\u00f3n. Gracias a su potencia regulable, podr\u00e1s crear ambientes para relajarte o para trabajar. Su dise\u00f1o elegante y su f\u00e1cil instalaci\u00f3n la convierten en la elecci\u00f3n ideal para cualquier espacio.\" \/>\n<meta property=\"og:url\" content=\"https:\/\/nirellegroup.com\/en\/product\/nke55l2-downlight\/\" \/>\n<meta property=\"og:site_name\" content=\"Nirelle Group\" \/>\n<meta property=\"article:modified_time\" content=\"2025-02-11T19:39:06+00:00\" \/>\n<meta property=\"og:image\" content=\"https:\/\/nirellegroup.com\/wp-content\/uploads\/2025\/02\/NKE55L2-Downlight.jpg\" \/>\n\t<meta property=\"og:image:width\" content=\"905\" \/>\n\t<meta property=\"og:image:height\" content=\"617\" \/>\n\t<meta property=\"og:image:type\" content=\"image\/jpeg\" \/>\n<meta name=\"twitter:card\" content=\"summary_large_image\" \/>\n<meta name=\"twitter:label1\" content=\"Est. reading time\" \/>\n\t<meta name=\"twitter:data1\" content=\"1 minute\" \/>\n<script type=\"application\/ld+json\" class=\"yoast-schema-graph\">{\"@context\":\"https:\/\/schema.org\",\"@graph\":[{\"@type\":\"WebPage\",\"@id\":\"https:\/\/nirellegroup.com\/product\/nke55l2-downlight\/\",\"url\":\"https:\/\/nirellegroup.com\/product\/nke55l2-downlight\/\",\"name\":\"NKE55L2 Downlight - Nirelle Group\",\"isPartOf\":{\"@id\":\"https:\/\/nirellegroup.com\/#website\"},\"primaryImageOfPage\":{\"@id\":\"https:\/\/nirellegroup.com\/product\/nke55l2-downlight\/#primaryimage\"},\"image\":{\"@id\":\"https:\/\/nirellegroup.com\/product\/nke55l2-downlight\/#primaryimage\"},\"thumbnailUrl\":\"https:\/\/nirellegroup.com\/wp-content\/uploads\/2025\/02\/NKE55L2-Downlight.jpg\",\"datePublished\":\"2025-02-10T21:55:14+00:00\",\"dateModified\":\"2025-02-11T19:39:06+00:00\",\"breadcrumb\":{\"@id\":\"https:\/\/nirellegroup.com\/product\/nke55l2-downlight\/#breadcrumb\"},\"inLanguage\":\"en-US\",\"potentialAction\":[{\"@type\":\"ReadAction\",\"target\":[\"https:\/\/nirellegroup.com\/product\/nke55l2-downlight\/\"]}]},{\"@type\":\"ImageObject\",\"inLanguage\":\"en-US\",\"@id\":\"https:\/\/nirellegroup.com\/product\/nke55l2-downlight\/#primaryimage\",\"url\":\"https:\/\/nirellegroup.com\/wp-content\/uploads\/2025\/02\/NKE55L2-Downlight.jpg\",\"contentUrl\":\"https:\/\/nirellegroup.com\/wp-content\/uploads\/2025\/02\/NKE55L2-Downlight.jpg\",\"width\":905,\"height\":617},{\"@type\":\"BreadcrumbList\",\"@id\":\"https:\/\/nirellegroup.com\/product\/nke55l2-downlight\/#breadcrumb\",\"itemListElement\":[{\"@type\":\"ListItem\",\"position\":1,\"name\":\"Home\",\"item\":\"https:\/\/nirellegroup.com\/\"},{\"@type\":\"ListItem\",\"position\":2,\"name\":\"Shop\",\"item\":\"https:\/\/nirellegroup.com\/shop\/\"},{\"@type\":\"ListItem\",\"position\":3,\"name\":\"NKE55L2 Downlight\"}]},{\"@type\":\"WebSite\",\"@id\":\"https:\/\/nirellegroup.com\/#website\",\"url\":\"https:\/\/nirellegroup.com\/\",\"name\":\"Nirelle Group\",\"description\":\"Iluminamos tus espacios con la m\u00e1s alta tecnolog\u00eda.\",\"potentialAction\":[{\"@type\":\"SearchAction\",\"target\":{\"@type\":\"EntryPoint\",\"urlTemplate\":\"https:\/\/nirellegroup.com\/?s={search_term_string}\"},\"query-input\":{\"@type\":\"PropertyValueSpecification\",\"valueRequired\":true,\"valueName\":\"search_term_string\"}}],\"inLanguage\":\"en-US\"}]}<\/script>\n<!-- \/ Yoast SEO plugin. -->","yoast_head_json":{"title":"NKE55L2 Downlight - Nirelle Group","robots":{"index":"index","follow":"follow","max-snippet":"max-snippet:-1","max-image-preview":"max-image-preview:large","max-video-preview":"max-video-preview:-1"},"canonical":"https:\/\/nirellegroup.com\/en\/product\/nke55l2-downlight\/","og_locale":"en_US","og_type":"article","og_title":"NKE55L2 Downlight - Nirelle Group","og_description":"Brinda control sobre la iluminaci\u00f3n. Gracias a su potencia regulable, podr\u00e1s crear ambientes para relajarte o para trabajar. Su dise\u00f1o elegante y su f\u00e1cil instalaci\u00f3n la convierten en la elecci\u00f3n ideal para cualquier espacio.","og_url":"https:\/\/nirellegroup.com\/en\/product\/nke55l2-downlight\/","og_site_name":"Nirelle Group","article_modified_time":"2025-02-11T19:39:06+00:00","og_image":[{"width":905,"height":617,"url":"https:\/\/nirellegroup.com\/wp-content\/uploads\/2025\/02\/NKE55L2-Downlight.jpg","type":"image\/jpeg"}],"twitter_card":"summary_large_image","twitter_misc":{"Est. reading time":"1 minute"},"schema":{"@context":"https:\/\/schema.org","@graph":[{"@type":"WebPage","@id":"https:\/\/nirellegroup.com\/product\/nke55l2-downlight\/","url":"https:\/\/nirellegroup.com\/product\/nke55l2-downlight\/","name":"NKE55L2 Downlight - Nirelle Group","isPartOf":{"@id":"https:\/\/nirellegroup.com\/#website"},"primaryImageOfPage":{"@id":"https:\/\/nirellegroup.com\/product\/nke55l2-downlight\/#primaryimage"},"image":{"@id":"https:\/\/nirellegroup.com\/product\/nke55l2-downlight\/#primaryimage"},"thumbnailUrl":"https:\/\/nirellegroup.com\/wp-content\/uploads\/2025\/02\/NKE55L2-Downlight.jpg","datePublished":"2025-02-10T21:55:14+00:00","dateModified":"2025-02-11T19:39:06+00:00","breadcrumb":{"@id":"https:\/\/nirellegroup.com\/product\/nke55l2-downlight\/#breadcrumb"},"inLanguage":"en-US","potentialAction":[{"@type":"ReadAction","target":["https:\/\/nirellegroup.com\/product\/nke55l2-downlight\/"]}]},{"@type":"ImageObject","inLanguage":"en-US","@id":"https:\/\/nirellegroup.com\/product\/nke55l2-downlight\/#primaryimage","url":"https:\/\/nirellegroup.com\/wp-content\/uploads\/2025\/02\/NKE55L2-Downlight.jpg","contentUrl":"https:\/\/nirellegroup.com\/wp-content\/uploads\/2025\/02\/NKE55L2-Downlight.jpg","width":905,"height":617},{"@type":"BreadcrumbList","@id":"https:\/\/nirellegroup.com\/product\/nke55l2-downlight\/#breadcrumb","itemListElement":[{"@type":"ListItem","position":1,"name":"Home","item":"https:\/\/nirellegroup.com\/"},{"@type":"ListItem","position":2,"name":"Shop","item":"https:\/\/nirellegroup.com\/shop\/"},{"@type":"ListItem","position":3,"name":"NKE55L2 Downlight"}]},{"@type":"WebSite","@id":"https:\/\/nirellegroup.com\/#website","url":"https:\/\/nirellegroup.com\/","name":"Nirelle Group","description":"Iluminamos tus espacios con la m\u00e1s alta tecnolog\u00eda.","potentialAction":[{"@type":"SearchAction","target":{"@type":"EntryPoint","urlTemplate":"https:\/\/nirellegroup.com\/?s={search_term_string}"},"query-input":{"@type":"PropertyValueSpecification","valueRequired":true,"valueName":"search_term_string"}}],"inLanguage":"en-US"}]}},"jetpack_sharing_enabled":true,"_links":{"self":[{"href":"https:\/\/nirellegroup.com\/en\/wp-json\/wp\/v2\/product\/9351","targetHints":{"allow":["GET"]}}],"collection":[{"href":"https:\/\/nirellegroup.com\/en\/wp-json\/wp\/v2\/product"}],"about":[{"href":"https:\/\/nirellegroup.com\/en\/wp-json\/wp\/v2\/types\/product"}],"wp:featuredmedia":[{"embeddable":true,"href":"https:\/\/nirellegroup.com\/en\/wp-json\/wp\/v2\/media\/9253"}],"wp:attachment":[{"href":"https:\/\/nirellegroup.com\/en\/wp-json\/wp\/v2\/media?parent=9351"}],"wp:term":[{"taxonomy":"product_brand","embeddable":true,"href":"https:\/\/nirellegroup.com\/en\/wp-json\/wp\/v2\/product_brand?post=9351"},{"taxonomy":"product_cat","embeddable":true,"href":"https:\/\/nirellegroup.com\/en\/wp-json\/wp\/v2\/product_cat?post=9351"},{"taxonomy":"product_tag","embeddable":true,"href":"https:\/\/nirellegroup.com\/en\/wp-json\/wp\/v2\/product_tag?post=9351"}],"curies":[{"name":"wp","href":"https:\/\/api.w.org\/{rel}","templated":true}]}}