{"id":9465,"date":"2025-02-12T03:20:23","date_gmt":"2025-02-12T03:20:23","guid":{"rendered":"https:\/\/nirellegroup.com\/?post_type=product&#038;p=9465"},"modified":"2025-04-10T18:58:21","modified_gmt":"2025-04-10T18:58:21","slug":"nlhb42-iluminex-high-bay","status":"publish","type":"product","link":"https:\/\/nirellegroup.com\/en\/product\/nlhb42-iluminex-high-bay\/","title":{"rendered":"NLHB42 iLuminex High Bay"},"content":{"rendered":"<p>Made of aluminum with a modular design and power range from 100 to 200 watts. Six beam angles. Its high luminous efficacy of 170 lumens per watt provides greater cost efficiency. Equipped with the Zhaga interface, it enables rapid implementation of lighting controls.<\/p>","protected":false},"excerpt":{"rendered":"<p>Made of aluminum with a modular design and power range from 100 to 200 watts. Six beam angles. Its high luminous efficacy of 170 lumens per watt provides greater cost efficiency. Equipped with the Zhaga interface, it enables rapid implementation of lighting controls.<\/p>","protected":false},"featured_media":9466,"template":"","meta":{"_monsterinsights_skip_tracking":false,"_monsterinsights_sitenote_active":false,"_monsterinsights_sitenote_note":"","_monsterinsights_sitenote_category":0},"product_brand":[],"product_cat":[53,54],"product_tag":[],"class_list":{"0":"post-9465","1":"product","2":"type-product","3":"status-publish","4":"has-post-thumbnail","6":"product_cat-high-bay","7":"product_cat-industria-y-comercio","9":"first","10":"instock","11":"shipping-taxable","12":"product-type-simple"},"aioseo_notices":[],"yoast_head":"<!-- This site is optimized with the Yoast SEO plugin v24.3 - https:\/\/yoast.com\/wordpress\/plugins\/seo\/ -->\n<title>NLHB42 iLuminex High Bay - Nirelle Group<\/title>\n<meta name=\"robots\" content=\"index, follow, max-snippet:-1, max-image-preview:large, max-video-preview:-1\" \/>\n<link rel=\"canonical\" href=\"https:\/\/nirellegroup.com\/en\/product\/nlhb42-iluminex-high-bay\/\" \/>\n<meta property=\"og:locale\" content=\"en_US\" \/>\n<meta property=\"og:type\" content=\"article\" \/>\n<meta property=\"og:title\" content=\"NLHB42 iLuminex High Bay - Nirelle Group\" \/>\n<meta property=\"og:description\" content=\"Hecho de aluminio con dise\u00f1o modular y rango de potencia de 100 a 200 vatios. Seis \u00e1ngulos de haz. Su alta eficacia luminosa de 170 l\u00famenes por vatio proporciona mayor rentabilidad. Equipado con interfaz Zhaga, permite una r\u00e1pida implementaci\u00f3n de controles de iluminaci\u00f3n.\" \/>\n<meta property=\"og:url\" content=\"https:\/\/nirellegroup.com\/en\/product\/nlhb42-iluminex-high-bay\/\" \/>\n<meta property=\"og:site_name\" content=\"Nirelle Group\" \/>\n<meta property=\"article:modified_time\" content=\"2025-04-10T18:58:21+00:00\" \/>\n<meta property=\"og:image\" content=\"https:\/\/nirellegroup.com\/wp-content\/uploads\/2025\/02\/NLHB42-iLuminex.jpg\" \/>\n\t<meta property=\"og:image:width\" content=\"905\" \/>\n\t<meta property=\"og:image:height\" content=\"617\" \/>\n\t<meta property=\"og:image:type\" content=\"image\/jpeg\" \/>\n<meta name=\"twitter:card\" content=\"summary_large_image\" \/>\n<meta name=\"twitter:label1\" content=\"Est. reading time\" \/>\n\t<meta name=\"twitter:data1\" content=\"1 minute\" \/>\n<script type=\"application\/ld+json\" class=\"yoast-schema-graph\">{\"@context\":\"https:\/\/schema.org\",\"@graph\":[{\"@type\":\"WebPage\",\"@id\":\"https:\/\/nirellegroup.com\/product\/nlhb42-iluminex-high-bay\/\",\"url\":\"https:\/\/nirellegroup.com\/product\/nlhb42-iluminex-high-bay\/\",\"name\":\"NLHB42 iLuminex High Bay - Nirelle Group\",\"isPartOf\":{\"@id\":\"https:\/\/nirellegroup.com\/#website\"},\"primaryImageOfPage\":{\"@id\":\"https:\/\/nirellegroup.com\/product\/nlhb42-iluminex-high-bay\/#primaryimage\"},\"image\":{\"@id\":\"https:\/\/nirellegroup.com\/product\/nlhb42-iluminex-high-bay\/#primaryimage\"},\"thumbnailUrl\":\"https:\/\/nirellegroup.com\/wp-content\/uploads\/2025\/02\/NLHB42-iLuminex.jpg\",\"datePublished\":\"2025-02-12T03:20:23+00:00\",\"dateModified\":\"2025-04-10T18:58:21+00:00\",\"breadcrumb\":{\"@id\":\"https:\/\/nirellegroup.com\/product\/nlhb42-iluminex-high-bay\/#breadcrumb\"},\"inLanguage\":\"en-US\",\"potentialAction\":[{\"@type\":\"ReadAction\",\"target\":[\"https:\/\/nirellegroup.com\/product\/nlhb42-iluminex-high-bay\/\"]}]},{\"@type\":\"ImageObject\",\"inLanguage\":\"en-US\",\"@id\":\"https:\/\/nirellegroup.com\/product\/nlhb42-iluminex-high-bay\/#primaryimage\",\"url\":\"https:\/\/nirellegroup.com\/wp-content\/uploads\/2025\/02\/NLHB42-iLuminex.jpg\",\"contentUrl\":\"https:\/\/nirellegroup.com\/wp-content\/uploads\/2025\/02\/NLHB42-iLuminex.jpg\",\"width\":905,\"height\":617},{\"@type\":\"BreadcrumbList\",\"@id\":\"https:\/\/nirellegroup.com\/product\/nlhb42-iluminex-high-bay\/#breadcrumb\",\"itemListElement\":[{\"@type\":\"ListItem\",\"position\":1,\"name\":\"Home\",\"item\":\"https:\/\/nirellegroup.com\/\"},{\"@type\":\"ListItem\",\"position\":2,\"name\":\"Shop\",\"item\":\"https:\/\/nirellegroup.com\/shop\/\"},{\"@type\":\"ListItem\",\"position\":3,\"name\":\"NLHB42 iLuminex High Bay\"}]},{\"@type\":\"WebSite\",\"@id\":\"https:\/\/nirellegroup.com\/#website\",\"url\":\"https:\/\/nirellegroup.com\/\",\"name\":\"Nirelle Group\",\"description\":\"Iluminamos tus espacios con la m\u00e1s alta tecnolog\u00eda.\",\"potentialAction\":[{\"@type\":\"SearchAction\",\"target\":{\"@type\":\"EntryPoint\",\"urlTemplate\":\"https:\/\/nirellegroup.com\/?s={search_term_string}\"},\"query-input\":{\"@type\":\"PropertyValueSpecification\",\"valueRequired\":true,\"valueName\":\"search_term_string\"}}],\"inLanguage\":\"en-US\"}]}<\/script>\n<!-- \/ Yoast SEO plugin. -->","yoast_head_json":{"title":"NLHB42 iLuminex High Bay - Nirelle Group","robots":{"index":"index","follow":"follow","max-snippet":"max-snippet:-1","max-image-preview":"max-image-preview:large","max-video-preview":"max-video-preview:-1"},"canonical":"https:\/\/nirellegroup.com\/en\/product\/nlhb42-iluminex-high-bay\/","og_locale":"en_US","og_type":"article","og_title":"NLHB42 iLuminex High Bay - Nirelle Group","og_description":"Hecho de aluminio con dise\u00f1o modular y rango de potencia de 100 a 200 vatios. Seis \u00e1ngulos de haz. Su alta eficacia luminosa de 170 l\u00famenes por vatio proporciona mayor rentabilidad. Equipado con interfaz Zhaga, permite una r\u00e1pida implementaci\u00f3n de controles de iluminaci\u00f3n.","og_url":"https:\/\/nirellegroup.com\/en\/product\/nlhb42-iluminex-high-bay\/","og_site_name":"Nirelle Group","article_modified_time":"2025-04-10T18:58:21+00:00","og_image":[{"width":905,"height":617,"url":"https:\/\/nirellegroup.com\/wp-content\/uploads\/2025\/02\/NLHB42-iLuminex.jpg","type":"image\/jpeg"}],"twitter_card":"summary_large_image","twitter_misc":{"Est. reading time":"1 minute"},"schema":{"@context":"https:\/\/schema.org","@graph":[{"@type":"WebPage","@id":"https:\/\/nirellegroup.com\/product\/nlhb42-iluminex-high-bay\/","url":"https:\/\/nirellegroup.com\/product\/nlhb42-iluminex-high-bay\/","name":"NLHB42 iLuminex High Bay - Nirelle Group","isPartOf":{"@id":"https:\/\/nirellegroup.com\/#website"},"primaryImageOfPage":{"@id":"https:\/\/nirellegroup.com\/product\/nlhb42-iluminex-high-bay\/#primaryimage"},"image":{"@id":"https:\/\/nirellegroup.com\/product\/nlhb42-iluminex-high-bay\/#primaryimage"},"thumbnailUrl":"https:\/\/nirellegroup.com\/wp-content\/uploads\/2025\/02\/NLHB42-iLuminex.jpg","datePublished":"2025-02-12T03:20:23+00:00","dateModified":"2025-04-10T18:58:21+00:00","breadcrumb":{"@id":"https:\/\/nirellegroup.com\/product\/nlhb42-iluminex-high-bay\/#breadcrumb"},"inLanguage":"en-US","potentialAction":[{"@type":"ReadAction","target":["https:\/\/nirellegroup.com\/product\/nlhb42-iluminex-high-bay\/"]}]},{"@type":"ImageObject","inLanguage":"en-US","@id":"https:\/\/nirellegroup.com\/product\/nlhb42-iluminex-high-bay\/#primaryimage","url":"https:\/\/nirellegroup.com\/wp-content\/uploads\/2025\/02\/NLHB42-iLuminex.jpg","contentUrl":"https:\/\/nirellegroup.com\/wp-content\/uploads\/2025\/02\/NLHB42-iLuminex.jpg","width":905,"height":617},{"@type":"BreadcrumbList","@id":"https:\/\/nirellegroup.com\/product\/nlhb42-iluminex-high-bay\/#breadcrumb","itemListElement":[{"@type":"ListItem","position":1,"name":"Home","item":"https:\/\/nirellegroup.com\/"},{"@type":"ListItem","position":2,"name":"Shop","item":"https:\/\/nirellegroup.com\/shop\/"},{"@type":"ListItem","position":3,"name":"NLHB42 iLuminex High Bay"}]},{"@type":"WebSite","@id":"https:\/\/nirellegroup.com\/#website","url":"https:\/\/nirellegroup.com\/","name":"Nirelle Group","description":"Iluminamos tus espacios con la m\u00e1s alta tecnolog\u00eda.","potentialAction":[{"@type":"SearchAction","target":{"@type":"EntryPoint","urlTemplate":"https:\/\/nirellegroup.com\/?s={search_term_string}"},"query-input":{"@type":"PropertyValueSpecification","valueRequired":true,"valueName":"search_term_string"}}],"inLanguage":"en-US"}]}},"jetpack_sharing_enabled":true,"_links":{"self":[{"href":"https:\/\/nirellegroup.com\/en\/wp-json\/wp\/v2\/product\/9465","targetHints":{"allow":["GET"]}}],"collection":[{"href":"https:\/\/nirellegroup.com\/en\/wp-json\/wp\/v2\/product"}],"about":[{"href":"https:\/\/nirellegroup.com\/en\/wp-json\/wp\/v2\/types\/product"}],"wp:featuredmedia":[{"embeddable":true,"href":"https:\/\/nirellegroup.com\/en\/wp-json\/wp\/v2\/media\/9466"}],"wp:attachment":[{"href":"https:\/\/nirellegroup.com\/en\/wp-json\/wp\/v2\/media?parent=9465"}],"wp:term":[{"taxonomy":"product_brand","embeddable":true,"href":"https:\/\/nirellegroup.com\/en\/wp-json\/wp\/v2\/product_brand?post=9465"},{"taxonomy":"product_cat","embeddable":true,"href":"https:\/\/nirellegroup.com\/en\/wp-json\/wp\/v2\/product_cat?post=9465"},{"taxonomy":"product_tag","embeddable":true,"href":"https:\/\/nirellegroup.com\/en\/wp-json\/wp\/v2\/product_tag?post=9465"}],"curies":[{"name":"wp","href":"https:\/\/api.w.org\/{rel}","templated":true}]}}