{"id":9988,"date":"2026-02-06T17:39:24","date_gmt":"2026-02-06T17:39:24","guid":{"rendered":"https:\/\/nirellegroup.com\/?post_type=product&#038;p=9988"},"modified":"2026-02-06T17:41:28","modified_gmt":"2026-02-06T17:41:28","slug":"ndb181-series-led-batten","status":"publish","type":"product","link":"https:\/\/nirellegroup.com\/en\/product\/ndb181-series-led-batten\/","title":{"rendered":"NDB181 Series LED Batten"},"content":{"rendered":"<p>This cylindrical batten luminaire features a polycarbonate diffuser to provide wide and uniform illumination. It is available in standard lengths of 600mm, 1200mm, and 1800mm, and can also be cut to custom sizes. It supports seamless linking, surface mounting, wall mounting, and pendant installation.<\/p>","protected":false},"excerpt":{"rendered":"<p>This cylindrical batten luminaire features a polycarbonate diffuser to provide wide and uniform illumination. It is available in standard lengths of 600mm, 1200mm, and 1800mm, and can also be cut to custom sizes. It supports seamless linking, surface mounting, wall mounting, and pendant installation.<\/p>","protected":false},"featured_media":9992,"template":"","meta":{"_monsterinsights_skip_tracking":false,"_monsterinsights_sitenote_active":false,"_monsterinsights_sitenote_note":"","_monsterinsights_sitenote_category":0},"product_brand":[],"product_cat":[46,52,45],"product_tag":[],"class_list":{"0":"post-9988","1":"product","2":"type-product","3":"status-publish","4":"has-post-thumbnail","6":"product_cat-downlight","7":"product_cat-home-office-landscaping","8":"product_cat-led","10":"first","11":"instock","12":"shipping-taxable","13":"product-type-simple"},"aioseo_notices":[],"yoast_head":"<!-- This site is optimized with the Yoast SEO plugin v24.3 - https:\/\/yoast.com\/wordpress\/plugins\/seo\/ -->\n<title>NDB181 Series LED Batten - Nirelle Group<\/title>\n<meta name=\"robots\" content=\"index, follow, max-snippet:-1, max-image-preview:large, max-video-preview:-1\" \/>\n<link rel=\"canonical\" href=\"https:\/\/nirellegroup.com\/en\/product\/ndb181-series-led-batten\/\" \/>\n<meta property=\"og:locale\" content=\"en_US\" \/>\n<meta property=\"og:type\" content=\"article\" \/>\n<meta property=\"og:title\" content=\"NDB181 Series LED Batten - Nirelle Group\" \/>\n<meta property=\"og:description\" content=\"Esta luminaria cil\u00edndrica de list\u00f3n cuenta con una pantalla de policarbonato para iluminar ampliamente y de manera uniforme. Disponible en tama\u00f1os est\u00e1ndar de 600mm, 1200mm y 1800mm, y tambi\u00e9n se puede cortar en diferentes tama\u00f1os. Est\u00e1 disponible para empalme, montaje en superficie, montaje en pared e instalaci\u00f3n colgante.\" \/>\n<meta property=\"og:url\" content=\"https:\/\/nirellegroup.com\/en\/product\/ndb181-series-led-batten\/\" \/>\n<meta property=\"og:site_name\" content=\"Nirelle Group\" \/>\n<meta property=\"article:modified_time\" content=\"2026-02-06T17:41:28+00:00\" \/>\n<meta property=\"og:image\" content=\"https:\/\/nirellegroup.com\/wp-content\/uploads\/2026\/02\/DB181-2-linearlight.jpg\" \/>\n\t<meta property=\"og:image:width\" content=\"1600\" \/>\n\t<meta property=\"og:image:height\" content=\"1200\" \/>\n\t<meta property=\"og:image:type\" content=\"image\/jpeg\" \/>\n<meta name=\"twitter:card\" content=\"summary_large_image\" \/>\n<meta name=\"twitter:label1\" content=\"Est. reading time\" \/>\n\t<meta name=\"twitter:data1\" content=\"1 minute\" \/>\n<script type=\"application\/ld+json\" class=\"yoast-schema-graph\">{\"@context\":\"https:\/\/schema.org\",\"@graph\":[{\"@type\":\"WebPage\",\"@id\":\"https:\/\/nirellegroup.com\/product\/ndb181-series-led-batten\/\",\"url\":\"https:\/\/nirellegroup.com\/product\/ndb181-series-led-batten\/\",\"name\":\"NDB181 Series LED Batten - Nirelle Group\",\"isPartOf\":{\"@id\":\"https:\/\/nirellegroup.com\/#website\"},\"primaryImageOfPage\":{\"@id\":\"https:\/\/nirellegroup.com\/product\/ndb181-series-led-batten\/#primaryimage\"},\"image\":{\"@id\":\"https:\/\/nirellegroup.com\/product\/ndb181-series-led-batten\/#primaryimage\"},\"thumbnailUrl\":\"https:\/\/nirellegroup.com\/wp-content\/uploads\/2026\/02\/DB181-2-linearlight.jpg\",\"datePublished\":\"2026-02-06T17:39:24+00:00\",\"dateModified\":\"2026-02-06T17:41:28+00:00\",\"breadcrumb\":{\"@id\":\"https:\/\/nirellegroup.com\/product\/ndb181-series-led-batten\/#breadcrumb\"},\"inLanguage\":\"en-US\",\"potentialAction\":[{\"@type\":\"ReadAction\",\"target\":[\"https:\/\/nirellegroup.com\/product\/ndb181-series-led-batten\/\"]}]},{\"@type\":\"ImageObject\",\"inLanguage\":\"en-US\",\"@id\":\"https:\/\/nirellegroup.com\/product\/ndb181-series-led-batten\/#primaryimage\",\"url\":\"https:\/\/nirellegroup.com\/wp-content\/uploads\/2026\/02\/DB181-2-linearlight.jpg\",\"contentUrl\":\"https:\/\/nirellegroup.com\/wp-content\/uploads\/2026\/02\/DB181-2-linearlight.jpg\",\"width\":1600,\"height\":1200},{\"@type\":\"BreadcrumbList\",\"@id\":\"https:\/\/nirellegroup.com\/product\/ndb181-series-led-batten\/#breadcrumb\",\"itemListElement\":[{\"@type\":\"ListItem\",\"position\":1,\"name\":\"Home\",\"item\":\"https:\/\/nirellegroup.com\/\"},{\"@type\":\"ListItem\",\"position\":2,\"name\":\"Shop\",\"item\":\"https:\/\/nirellegroup.com\/shop\/\"},{\"@type\":\"ListItem\",\"position\":3,\"name\":\"NDB181 Series LED Batten\"}]},{\"@type\":\"WebSite\",\"@id\":\"https:\/\/nirellegroup.com\/#website\",\"url\":\"https:\/\/nirellegroup.com\/\",\"name\":\"Nirelle Group\",\"description\":\"Iluminamos tus espacios con la m\u00e1s alta tecnolog\u00eda.\",\"potentialAction\":[{\"@type\":\"SearchAction\",\"target\":{\"@type\":\"EntryPoint\",\"urlTemplate\":\"https:\/\/nirellegroup.com\/?s={search_term_string}\"},\"query-input\":{\"@type\":\"PropertyValueSpecification\",\"valueRequired\":true,\"valueName\":\"search_term_string\"}}],\"inLanguage\":\"en-US\"}]}<\/script>\n<!-- \/ Yoast SEO plugin. -->","yoast_head_json":{"title":"NDB181 Series LED Batten - Nirelle Group","robots":{"index":"index","follow":"follow","max-snippet":"max-snippet:-1","max-image-preview":"max-image-preview:large","max-video-preview":"max-video-preview:-1"},"canonical":"https:\/\/nirellegroup.com\/en\/product\/ndb181-series-led-batten\/","og_locale":"en_US","og_type":"article","og_title":"NDB181 Series LED Batten - Nirelle Group","og_description":"Esta luminaria cil\u00edndrica de list\u00f3n cuenta con una pantalla de policarbonato para iluminar ampliamente y de manera uniforme. Disponible en tama\u00f1os est\u00e1ndar de 600mm, 1200mm y 1800mm, y tambi\u00e9n se puede cortar en diferentes tama\u00f1os. Est\u00e1 disponible para empalme, montaje en superficie, montaje en pared e instalaci\u00f3n colgante.","og_url":"https:\/\/nirellegroup.com\/en\/product\/ndb181-series-led-batten\/","og_site_name":"Nirelle Group","article_modified_time":"2026-02-06T17:41:28+00:00","og_image":[{"width":1600,"height":1200,"url":"https:\/\/nirellegroup.com\/wp-content\/uploads\/2026\/02\/DB181-2-linearlight.jpg","type":"image\/jpeg"}],"twitter_card":"summary_large_image","twitter_misc":{"Est. reading time":"1 minute"},"schema":{"@context":"https:\/\/schema.org","@graph":[{"@type":"WebPage","@id":"https:\/\/nirellegroup.com\/product\/ndb181-series-led-batten\/","url":"https:\/\/nirellegroup.com\/product\/ndb181-series-led-batten\/","name":"NDB181 Series LED Batten - Nirelle Group","isPartOf":{"@id":"https:\/\/nirellegroup.com\/#website"},"primaryImageOfPage":{"@id":"https:\/\/nirellegroup.com\/product\/ndb181-series-led-batten\/#primaryimage"},"image":{"@id":"https:\/\/nirellegroup.com\/product\/ndb181-series-led-batten\/#primaryimage"},"thumbnailUrl":"https:\/\/nirellegroup.com\/wp-content\/uploads\/2026\/02\/DB181-2-linearlight.jpg","datePublished":"2026-02-06T17:39:24+00:00","dateModified":"2026-02-06T17:41:28+00:00","breadcrumb":{"@id":"https:\/\/nirellegroup.com\/product\/ndb181-series-led-batten\/#breadcrumb"},"inLanguage":"en-US","potentialAction":[{"@type":"ReadAction","target":["https:\/\/nirellegroup.com\/product\/ndb181-series-led-batten\/"]}]},{"@type":"ImageObject","inLanguage":"en-US","@id":"https:\/\/nirellegroup.com\/product\/ndb181-series-led-batten\/#primaryimage","url":"https:\/\/nirellegroup.com\/wp-content\/uploads\/2026\/02\/DB181-2-linearlight.jpg","contentUrl":"https:\/\/nirellegroup.com\/wp-content\/uploads\/2026\/02\/DB181-2-linearlight.jpg","width":1600,"height":1200},{"@type":"BreadcrumbList","@id":"https:\/\/nirellegroup.com\/product\/ndb181-series-led-batten\/#breadcrumb","itemListElement":[{"@type":"ListItem","position":1,"name":"Home","item":"https:\/\/nirellegroup.com\/"},{"@type":"ListItem","position":2,"name":"Shop","item":"https:\/\/nirellegroup.com\/shop\/"},{"@type":"ListItem","position":3,"name":"NDB181 Series LED Batten"}]},{"@type":"WebSite","@id":"https:\/\/nirellegroup.com\/#website","url":"https:\/\/nirellegroup.com\/","name":"Nirelle Group","description":"Iluminamos tus espacios con la m\u00e1s alta tecnolog\u00eda.","potentialAction":[{"@type":"SearchAction","target":{"@type":"EntryPoint","urlTemplate":"https:\/\/nirellegroup.com\/?s={search_term_string}"},"query-input":{"@type":"PropertyValueSpecification","valueRequired":true,"valueName":"search_term_string"}}],"inLanguage":"en-US"}]}},"jetpack_sharing_enabled":true,"_links":{"self":[{"href":"https:\/\/nirellegroup.com\/en\/wp-json\/wp\/v2\/product\/9988","targetHints":{"allow":["GET"]}}],"collection":[{"href":"https:\/\/nirellegroup.com\/en\/wp-json\/wp\/v2\/product"}],"about":[{"href":"https:\/\/nirellegroup.com\/en\/wp-json\/wp\/v2\/types\/product"}],"wp:featuredmedia":[{"embeddable":true,"href":"https:\/\/nirellegroup.com\/en\/wp-json\/wp\/v2\/media\/9992"}],"wp:attachment":[{"href":"https:\/\/nirellegroup.com\/en\/wp-json\/wp\/v2\/media?parent=9988"}],"wp:term":[{"taxonomy":"product_brand","embeddable":true,"href":"https:\/\/nirellegroup.com\/en\/wp-json\/wp\/v2\/product_brand?post=9988"},{"taxonomy":"product_cat","embeddable":true,"href":"https:\/\/nirellegroup.com\/en\/wp-json\/wp\/v2\/product_cat?post=9988"},{"taxonomy":"product_tag","embeddable":true,"href":"https:\/\/nirellegroup.com\/en\/wp-json\/wp\/v2\/product_tag?post=9988"}],"curies":[{"name":"wp","href":"https:\/\/api.w.org\/{rel}","templated":true}]}}